{"id":141,"date":"2011-05-31T12:09:44","date_gmt":"2011-05-31T11:09:44","guid":{"rendered":"http:\/\/www.ringsberg.net\/?page_id=141"},"modified":"2011-05-31T12:11:54","modified_gmt":"2011-05-31T11:11:54","slug":"impressum","status":"publish","type":"page","link":"https:\/\/www.ringsberg.net\/?page_id=141","title":{"rendered":"Impressum"},"content":{"rendered":"<p>Dies ist eine private Homepage.<br \/>\nBetreiber: Heiko Meinert<br \/>\nRechtlicher Hinweis zu den Links auf dieser Homepage<br \/>\n&#8222;Gem\u00e4\u00df \u00a7 5 Abs.1 TDG ist der Autor ausschlie\u00dflich nur f\u00fcr die eigenen Inhalte verantwortlich. F\u00fcr Links auf fremde Inhalte dritter Anbieter ist der Autor gem\u00e4\u00df \u00a7 5 Abs.2 TDG nur verantwortlich, wenn er von einem rechtswidrigen oder strafbaren Gehalt positive Kenntnis hat und es technisch m\u00f6glich und zumutbar ist, deren Nutzung zu verhindern. Auch ist der Autor nicht verpflichtet,\u00a0in periodischen Abst\u00e4nden den Inhalt von Angeboten Dritter auf deren Rechtswidrigkeit oder Strafbarkeit zu \u00fcberpr\u00fcfen. Sobald der Autor von dem rechtswidrigen Inhalt der Web-Seiten Dritter erf\u00e4hrt, wird der entsprechende Link von dieser Seite entfernt. Weiterhin m\u00f6chte der Autor ausdr\u00fccklich betonen, dass er keinerlei Einfluss auf die Gestaltung und die Inhalte der gelinkten Seiten hat.\u00a0Deshalb distanziert der Autor sich hiermit ausdr\u00fccklich von allen Inhalten aller gelinkten Seiten auf der gesamten Website inkl. aller Unterseiten.\u00a0Diese Erkl\u00e4rung gilt f\u00fcr alle auf der Homepage ausgebrachten Links und f\u00fcr alle Inhalte der Seiten, zu denen Links oder Banner f\u00fchren. Sollten Inhalte dieser Internetangebote gegen geltendes Urheberrecht\u00a0oder das Markengesetz versto\u00dfen, werden diese auf Hinweis schnellstm\u00f6glich entfernt.&#8220;<\/p>\n","protected":false},"excerpt":{"rendered":"<p>Dies ist eine private Homepage. Betreiber: Heiko Meinert Rechtlicher Hinweis zu den Links auf dieser Homepage &#8222;Gem\u00e4\u00df \u00a7 5 Abs.1 TDG ist der Autor ausschlie\u00dflich nur f\u00fcr die eigenen Inhalte verantwortlich. F\u00fcr Links auf fremde Inhalte dritter Anbieter ist der Autor gem\u00e4\u00df \u00a7 5 Abs.2 TDG nur verantwortlich, wenn er von einem rechtswidrigen oder strafbaren &hellip; <\/p>\n<p class=\"link-more\"><a href=\"https:\/\/www.ringsberg.net\/?page_id=141\" class=\"more-link\"><span class=\"screen-reader-text\">\u201eImpressum\u201c <\/span>weiterlesen<\/a><\/p>\n","protected":false},"author":1,"featured_media":0,"parent":0,"menu_order":9,"comment_status":"closed","ping_status":"closed","template":"","meta":{"footnotes":""},"class_list":["post-141","page","type-page","status-publish","hentry"],"yoast_head":"<!-- This site is optimized with the Yoast SEO plugin v27.4 - https:\/\/yoast.com\/product\/yoast-seo-wordpress\/ -->\n<title>Impressum - Ringsberg .net<\/title>\n<meta name=\"robots\" content=\"index, follow, max-snippet:-1, max-image-preview:large, max-video-preview:-1\" \/>\n<link rel=\"canonical\" href=\"https:\/\/www.ringsberg.net\/?page_id=141\" \/>\n<meta property=\"og:locale\" content=\"de_DE\" \/>\n<meta property=\"og:type\" content=\"article\" \/>\n<meta property=\"og:title\" content=\"Impressum - Ringsberg .net\" \/>\n<meta property=\"og:description\" content=\"Dies ist eine private Homepage. Betreiber: Heiko Meinert Rechtlicher Hinweis zu den Links auf dieser Homepage &#8222;Gem\u00e4\u00df \u00a7 5 Abs.1 TDG ist der Autor ausschlie\u00dflich nur f\u00fcr die eigenen Inhalte verantwortlich. F\u00fcr Links auf fremde Inhalte dritter Anbieter ist der Autor gem\u00e4\u00df \u00a7 5 Abs.2 TDG nur verantwortlich, wenn er von einem rechtswidrigen oder strafbaren &hellip; \u201eImpressum\u201c weiterlesen\" \/>\n<meta property=\"og:url\" content=\"https:\/\/www.ringsberg.net\/?page_id=141\" \/>\n<meta property=\"og:site_name\" content=\"Ringsberg .net\" \/>\n<meta property=\"article:publisher\" content=\"https:\/\/www.facebook.com\/pages\/Ringsberg\/213485405355388\" \/>\n<meta property=\"article:modified_time\" content=\"2011-05-31T11:11:54+00:00\" \/>\n<meta name=\"twitter:label1\" content=\"Gesch\u00e4tzte Lesezeit\" \/>\n\t<meta name=\"twitter:data1\" content=\"1\u00a0Minute\" \/>\n<script type=\"application\/ld+json\" class=\"yoast-schema-graph\">{\"@context\":\"https:\\\/\\\/schema.org\",\"@graph\":[{\"@type\":\"WebPage\",\"@id\":\"https:\\\/\\\/www.ringsberg.net\\\/?page_id=141\",\"url\":\"https:\\\/\\\/www.ringsberg.net\\\/?page_id=141\",\"name\":\"Impressum - Ringsberg .net\",\"isPartOf\":{\"@id\":\"https:\\\/\\\/www.ringsberg.net\\\/#website\"},\"datePublished\":\"2011-05-31T11:09:44+00:00\",\"dateModified\":\"2011-05-31T11:11:54+00:00\",\"breadcrumb\":{\"@id\":\"https:\\\/\\\/www.ringsberg.net\\\/?page_id=141#breadcrumb\"},\"inLanguage\":\"de\",\"potentialAction\":[{\"@type\":\"ReadAction\",\"target\":[\"https:\\\/\\\/www.ringsberg.net\\\/?page_id=141\"]}]},{\"@type\":\"BreadcrumbList\",\"@id\":\"https:\\\/\\\/www.ringsberg.net\\\/?page_id=141#breadcrumb\",\"itemListElement\":[{\"@type\":\"ListItem\",\"position\":1,\"name\":\"Home\",\"item\":\"https:\\\/\\\/www.ringsberg.net\\\/\"},{\"@type\":\"ListItem\",\"position\":2,\"name\":\"Impressum\"}]},{\"@type\":\"WebSite\",\"@id\":\"https:\\\/\\\/www.ringsberg.net\\\/#website\",\"url\":\"https:\\\/\\\/www.ringsberg.net\\\/\",\"name\":\"Ringsberg .net\",\"description\":\"&quot;..l\u00e4ndlich, lebendig, nett.. &quot;\",\"potentialAction\":[{\"@type\":\"SearchAction\",\"target\":{\"@type\":\"EntryPoint\",\"urlTemplate\":\"https:\\\/\\\/www.ringsberg.net\\\/?s={search_term_string}\"},\"query-input\":{\"@type\":\"PropertyValueSpecification\",\"valueRequired\":true,\"valueName\":\"search_term_string\"}}],\"inLanguage\":\"de\"}]}<\/script>\n<!-- \/ Yoast SEO plugin. -->","yoast_head_json":{"title":"Impressum - Ringsberg .net","robots":{"index":"index","follow":"follow","max-snippet":"max-snippet:-1","max-image-preview":"max-image-preview:large","max-video-preview":"max-video-preview:-1"},"canonical":"https:\/\/www.ringsberg.net\/?page_id=141","og_locale":"de_DE","og_type":"article","og_title":"Impressum - Ringsberg .net","og_description":"Dies ist eine private Homepage. Betreiber: Heiko Meinert Rechtlicher Hinweis zu den Links auf dieser Homepage &#8222;Gem\u00e4\u00df \u00a7 5 Abs.1 TDG ist der Autor ausschlie\u00dflich nur f\u00fcr die eigenen Inhalte verantwortlich. F\u00fcr Links auf fremde Inhalte dritter Anbieter ist der Autor gem\u00e4\u00df \u00a7 5 Abs.2 TDG nur verantwortlich, wenn er von einem rechtswidrigen oder strafbaren &hellip; \u201eImpressum\u201c weiterlesen","og_url":"https:\/\/www.ringsberg.net\/?page_id=141","og_site_name":"Ringsberg .net","article_publisher":"https:\/\/www.facebook.com\/pages\/Ringsberg\/213485405355388","article_modified_time":"2011-05-31T11:11:54+00:00","twitter_misc":{"Gesch\u00e4tzte Lesezeit":"1\u00a0Minute"},"schema":{"@context":"https:\/\/schema.org","@graph":[{"@type":"WebPage","@id":"https:\/\/www.ringsberg.net\/?page_id=141","url":"https:\/\/www.ringsberg.net\/?page_id=141","name":"Impressum - Ringsberg .net","isPartOf":{"@id":"https:\/\/www.ringsberg.net\/#website"},"datePublished":"2011-05-31T11:09:44+00:00","dateModified":"2011-05-31T11:11:54+00:00","breadcrumb":{"@id":"https:\/\/www.ringsberg.net\/?page_id=141#breadcrumb"},"inLanguage":"de","potentialAction":[{"@type":"ReadAction","target":["https:\/\/www.ringsberg.net\/?page_id=141"]}]},{"@type":"BreadcrumbList","@id":"https:\/\/www.ringsberg.net\/?page_id=141#breadcrumb","itemListElement":[{"@type":"ListItem","position":1,"name":"Home","item":"https:\/\/www.ringsberg.net\/"},{"@type":"ListItem","position":2,"name":"Impressum"}]},{"@type":"WebSite","@id":"https:\/\/www.ringsberg.net\/#website","url":"https:\/\/www.ringsberg.net\/","name":"Ringsberg .net","description":"&quot;..l\u00e4ndlich, lebendig, nett.. &quot;","potentialAction":[{"@type":"SearchAction","target":{"@type":"EntryPoint","urlTemplate":"https:\/\/www.ringsberg.net\/?s={search_term_string}"},"query-input":{"@type":"PropertyValueSpecification","valueRequired":true,"valueName":"search_term_string"}}],"inLanguage":"de"}]}},"_links":{"self":[{"href":"https:\/\/www.ringsberg.net\/index.php?rest_route=\/wp\/v2\/pages\/141","targetHints":{"allow":["GET"]}}],"collection":[{"href":"https:\/\/www.ringsberg.net\/index.php?rest_route=\/wp\/v2\/pages"}],"about":[{"href":"https:\/\/www.ringsberg.net\/index.php?rest_route=\/wp\/v2\/types\/page"}],"author":[{"embeddable":true,"href":"https:\/\/www.ringsberg.net\/index.php?rest_route=\/wp\/v2\/users\/1"}],"replies":[{"embeddable":true,"href":"https:\/\/www.ringsberg.net\/index.php?rest_route=%2Fwp%2Fv2%2Fcomments&post=141"}],"version-history":[{"count":4,"href":"https:\/\/www.ringsberg.net\/index.php?rest_route=\/wp\/v2\/pages\/141\/revisions"}],"predecessor-version":[{"id":145,"href":"https:\/\/www.ringsberg.net\/index.php?rest_route=\/wp\/v2\/pages\/141\/revisions\/145"}],"wp:attachment":[{"href":"https:\/\/www.ringsberg.net\/index.php?rest_route=%2Fwp%2Fv2%2Fmedia&parent=141"}],"curies":[{"name":"wp","href":"https:\/\/api.w.org\/{rel}","templated":true}]}}