{"id":170,"date":"2011-08-22T12:40:06","date_gmt":"2011-08-22T11:40:06","guid":{"rendered":"http:\/\/www.ringsberg.net\/?page_id=170"},"modified":"2016-06-23T20:06:39","modified_gmt":"2016-06-23T19:06:39","slug":"programm-erneuerbare-energie","status":"publish","type":"page","link":"https:\/\/www.ringsberg.net\/?page_id=170","title":{"rendered":"Progr. Erneuerbare Energie"},"content":{"rendered":"<p><strong>F\u00f6rderrichtlinien \u201eErneuerbare Energien\u201c<\/strong><\/p>\n<p><b>Zweck und Ziel der F\u00f6rderung:<\/b><\/p>\n<p>Das F\u00f6rderprogramm soll Techniken zur Nutzung erneuerbarer Energien und Energiesparma\u00dfnahmen in der Gemeinde Rings\u00adberg unterst\u00fctzen.<\/p>\n<p><b>Was wird gef\u00f6rdert?<\/b><\/p>\n<p>&#8211; Energieberatung zur Erlangung eines Energiepasses<br \/>\n&#8211; D\u00e4mmma\u00dfnahmen  zur Energieeinsparung<br \/>\n&#8211; Modernisierung von Heizungsanlagen<br \/>\n&#8211; Pellet Heizungen<br \/>\n&#8211; W\u00e4rmepumpen f\u00fcr die Bereiche<br \/>\n  + Luft<br \/>\n  + Erde<br \/>\n  + Wasser<br \/>\n&#8211; Solarthermie<br \/>\n&#8211; Kleinwindkraftanlagen<br \/>\n  sofern diese Ma\u00dfnahmen durch die BAFA \/ KfW \u2013 Bankengruppe gef\u00f6rdert werden.<\/p>\n<p><b>Wer ist antragsberechtigt?<\/b><\/p>\n<p>Antragsberechtigt sind alle Geb\u00e4udeeigent\u00fcmer auf dem Gebiet der Gemeinde Ringsberg<\/p>\n<p><b>F\u00f6rderdauer<\/b><\/p>\n<p>Beginn der F\u00f6rderung ist der 01.04.2009<\/p>\n<p><b>Voraussetzung f\u00fcr die F\u00f6rderung<\/b><\/p>\n<p>Die Ma\u00dfnahme muss nach den F\u00f6rderbedingungen \u201eErneuerbare Energien\u201c der<br \/>\nKfW-Bankengruppe \/ BAFA f\u00f6rderw\u00fcrdig sein. Der Antragsteller hat dieses nachzuweisen.<\/p>\n<p>Eigenleistungen sind nicht anrechenbar.<\/p>\n<p><b>Weg der Antragstellung<\/b><\/p>\n<p>Der Antrag auf F\u00f6rderung ist bei der Gemeinde Ringsberg unter Vorlage einer Kostensch\u00e4tzung sowie notwendiger technischer Daten und Unterlagen vor Erstellung der Anlage einzureichen. Der Bau- \/Installationsbeginn kann gleichzeitig mit dem Einreichen des Antrags erfolgen. Im Rahmen der verf\u00fcgbaren Haushaltsmittel werden dann die F\u00f6rderzusagen erteilt. Die F\u00f6rderzu\u00adsage ist auf 6 Monate befristet, eine Fristverl\u00e4ngerung ist in der Regel nicht m\u00f6glich. Innerhalb dieser Zeit ist die Anlage fertig zustellen und abzurechnen.<br \/>\nAntragsfristen<\/p>\n<p>Antragsfristen bestehen nicht. Die F\u00f6rderzusagen werden im Rahmen der verf\u00fcgbaren Haushalts\u00admittel in der Reihenfolge des Eingangs der vollst\u00e4ndigen Antr\u00e4ge erteilt.<\/p>\n<p><b>Art und H\u00f6he der F\u00f6rderung<\/b><\/p>\n<p>Die F\u00f6rderung erfolgt durch Festbetragsfinanzierung mit nicht r\u00fcckzahlbaren Investitionszu\u00adsch\u00fcssen. Die F\u00f6rderh\u00f6he betr\u00e4gt 10 v. H. der Investitionskosten, h\u00f6chstens jedoch 1000,00 Euro pro  Anlage und Antrag bei Wohnraumsanierung. Es werden pro Antragsteller maximal 2 voneinander unabh\u00e4ngige Anlagen\/Antr\u00e4ge gef\u00f6rdert. Die F\u00f6rderung erfolgt h\u00f6chstens bis zur H\u00f6he der verf\u00fcgbaren Haushalts\u00admittel in H\u00f6he von 25.000,00 \u20ac im laufenden Haushaltsjahr. Sind alle Mittel im Jahre 2009 vergeben, erhalten zus\u00e4tzliche Antragsteller eine verbindliche Zusage, aus dem kommenden Haushalt gem\u00e4\u00df Finanzplan gef\u00f6rdert zu werden.<\/p>\n<p><a href='https:\/\/www.ringsberg.net\/wp-content\/uploads\/2011\/08\/Muster_AntragEnergiefoerderung.pdf'>Muster_AntragEnergiefoerderung<\/a><\/p>\n<p><b>Links zur Hilfe bei der Antragstellung:<\/b><br \/>\n<a href=\"http:\/\/www.bafa.de\/bafa\/de\/index.html\" title=\"bafa.de\" target=\"_blank\">www.bafa.de<\/a><br \/>\n<a href=\"http:\/\/www.kfw.de\/kfw\/de\/index.jsp\" title=\"kfw.de\" target=\"_blank\">kfw.de<\/a><\/p>\n<p><a href='https:\/\/www.ringsberg.net\/wp-content\/uploads\/2011\/08\/ErneuerbareEnergienZielePlanung.pdf'>Erneuerbare Energien Ziele und Planung<\/a><\/p>\n<p>\n<b>Links zum Thema<\/b><br \/>\nHaus sanieren &#8211; profitieren <a href=\"http:\/\/www.sanieren-profitieren.de\" title=\"Haus sanieren\" target=\"_blank\">Haus sanieren<\/a><\/p>\n<p>\nIdee und Bilanz &#8211; die Details <a href='https:\/\/www.ringsberg.net\/wp-content\/uploads\/2011\/11\/Projekt_Energie.pdf'>Projekt Energie<\/a><\/p>\n","protected":false},"excerpt":{"rendered":"<p>F\u00f6rderrichtlinien \u201eErneuerbare Energien\u201c Zweck und Ziel der F\u00f6rderung: Das F\u00f6rderprogramm soll Techniken zur Nutzung erneuerbarer Energien und Energiesparma\u00dfnahmen in der Gemeinde Rings\u00adberg unterst\u00fctzen. Was wird gef\u00f6rdert? &#8211; Energieberatung zur Erlangung eines Energiepasses &#8211; D\u00e4mmma\u00dfnahmen zur Energieeinsparung &#8211; Modernisierung von Heizungsanlagen &#8211; Pellet Heizungen &#8211; W\u00e4rmepumpen f\u00fcr die Bereiche + Luft + Erde + Wasser &#8211; &hellip; <\/p>\n<p class=\"link-more\"><a href=\"https:\/\/www.ringsberg.net\/?page_id=170\" class=\"more-link\"><span class=\"screen-reader-text\">\u201eProgr. Erneuerbare Energie\u201c <\/span>weiterlesen<\/a><\/p>\n","protected":false},"author":1,"featured_media":0,"parent":0,"menu_order":9,"comment_status":"closed","ping_status":"closed","template":"","meta":{"footnotes":""},"class_list":["post-170","page","type-page","status-publish","hentry"],"yoast_head":"<!-- This site is optimized with the Yoast SEO plugin v27.4 - https:\/\/yoast.com\/product\/yoast-seo-wordpress\/ -->\n<title>Progr. Erneuerbare Energie - Ringsberg .net<\/title>\n<meta name=\"robots\" content=\"index, follow, max-snippet:-1, max-image-preview:large, max-video-preview:-1\" \/>\n<link rel=\"canonical\" href=\"https:\/\/www.ringsberg.net\/?page_id=170\" \/>\n<meta property=\"og:locale\" content=\"de_DE\" \/>\n<meta property=\"og:type\" content=\"article\" \/>\n<meta property=\"og:title\" content=\"Progr. Erneuerbare Energie - Ringsberg .net\" \/>\n<meta property=\"og:description\" content=\"F\u00f6rderrichtlinien \u201eErneuerbare Energien\u201c Zweck und Ziel der F\u00f6rderung: Das F\u00f6rderprogramm soll Techniken zur Nutzung erneuerbarer Energien und Energiesparma\u00dfnahmen in der Gemeinde Rings\u00adberg unterst\u00fctzen. Was wird gef\u00f6rdert? &#8211; Energieberatung zur Erlangung eines Energiepasses &#8211; D\u00e4mmma\u00dfnahmen zur Energieeinsparung &#8211; Modernisierung von Heizungsanlagen &#8211; Pellet Heizungen &#8211; W\u00e4rmepumpen f\u00fcr die Bereiche + Luft + Erde + Wasser &#8211; &hellip; \u201eProgr. Erneuerbare Energie\u201c weiterlesen\" \/>\n<meta property=\"og:url\" content=\"https:\/\/www.ringsberg.net\/?page_id=170\" \/>\n<meta property=\"og:site_name\" content=\"Ringsberg .net\" \/>\n<meta property=\"article:publisher\" content=\"https:\/\/www.facebook.com\/pages\/Ringsberg\/213485405355388\" \/>\n<meta property=\"article:modified_time\" content=\"2016-06-23T19:06:39+00:00\" \/>\n<meta name=\"twitter:label1\" content=\"Gesch\u00e4tzte Lesezeit\" \/>\n\t<meta name=\"twitter:data1\" content=\"2\u00a0Minuten\" \/>\n<script type=\"application\/ld+json\" class=\"yoast-schema-graph\">{\"@context\":\"https:\\\/\\\/schema.org\",\"@graph\":[{\"@type\":\"WebPage\",\"@id\":\"https:\\\/\\\/www.ringsberg.net\\\/?page_id=170\",\"url\":\"https:\\\/\\\/www.ringsberg.net\\\/?page_id=170\",\"name\":\"Progr. Erneuerbare Energie - Ringsberg .net\",\"isPartOf\":{\"@id\":\"https:\\\/\\\/www.ringsberg.net\\\/#website\"},\"datePublished\":\"2011-08-22T11:40:06+00:00\",\"dateModified\":\"2016-06-23T19:06:39+00:00\",\"breadcrumb\":{\"@id\":\"https:\\\/\\\/www.ringsberg.net\\\/?page_id=170#breadcrumb\"},\"inLanguage\":\"de\",\"potentialAction\":[{\"@type\":\"ReadAction\",\"target\":[\"https:\\\/\\\/www.ringsberg.net\\\/?page_id=170\"]}]},{\"@type\":\"BreadcrumbList\",\"@id\":\"https:\\\/\\\/www.ringsberg.net\\\/?page_id=170#breadcrumb\",\"itemListElement\":[{\"@type\":\"ListItem\",\"position\":1,\"name\":\"Home\",\"item\":\"https:\\\/\\\/www.ringsberg.net\\\/\"},{\"@type\":\"ListItem\",\"position\":2,\"name\":\"Progr. Erneuerbare Energie\"}]},{\"@type\":\"WebSite\",\"@id\":\"https:\\\/\\\/www.ringsberg.net\\\/#website\",\"url\":\"https:\\\/\\\/www.ringsberg.net\\\/\",\"name\":\"Ringsberg .net\",\"description\":\"&quot;..l\u00e4ndlich, lebendig, nett.. &quot;\",\"potentialAction\":[{\"@type\":\"SearchAction\",\"target\":{\"@type\":\"EntryPoint\",\"urlTemplate\":\"https:\\\/\\\/www.ringsberg.net\\\/?s={search_term_string}\"},\"query-input\":{\"@type\":\"PropertyValueSpecification\",\"valueRequired\":true,\"valueName\":\"search_term_string\"}}],\"inLanguage\":\"de\"}]}<\/script>\n<!-- \/ Yoast SEO plugin. -->","yoast_head_json":{"title":"Progr. Erneuerbare Energie - Ringsberg .net","robots":{"index":"index","follow":"follow","max-snippet":"max-snippet:-1","max-image-preview":"max-image-preview:large","max-video-preview":"max-video-preview:-1"},"canonical":"https:\/\/www.ringsberg.net\/?page_id=170","og_locale":"de_DE","og_type":"article","og_title":"Progr. Erneuerbare Energie - Ringsberg .net","og_description":"F\u00f6rderrichtlinien \u201eErneuerbare Energien\u201c Zweck und Ziel der F\u00f6rderung: Das F\u00f6rderprogramm soll Techniken zur Nutzung erneuerbarer Energien und Energiesparma\u00dfnahmen in der Gemeinde Rings\u00adberg unterst\u00fctzen. Was wird gef\u00f6rdert? &#8211; Energieberatung zur Erlangung eines Energiepasses &#8211; D\u00e4mmma\u00dfnahmen zur Energieeinsparung &#8211; Modernisierung von Heizungsanlagen &#8211; Pellet Heizungen &#8211; W\u00e4rmepumpen f\u00fcr die Bereiche + Luft + Erde + Wasser &#8211; &hellip; \u201eProgr. Erneuerbare Energie\u201c weiterlesen","og_url":"https:\/\/www.ringsberg.net\/?page_id=170","og_site_name":"Ringsberg .net","article_publisher":"https:\/\/www.facebook.com\/pages\/Ringsberg\/213485405355388","article_modified_time":"2016-06-23T19:06:39+00:00","twitter_misc":{"Gesch\u00e4tzte Lesezeit":"2\u00a0Minuten"},"schema":{"@context":"https:\/\/schema.org","@graph":[{"@type":"WebPage","@id":"https:\/\/www.ringsberg.net\/?page_id=170","url":"https:\/\/www.ringsberg.net\/?page_id=170","name":"Progr. Erneuerbare Energie - Ringsberg .net","isPartOf":{"@id":"https:\/\/www.ringsberg.net\/#website"},"datePublished":"2011-08-22T11:40:06+00:00","dateModified":"2016-06-23T19:06:39+00:00","breadcrumb":{"@id":"https:\/\/www.ringsberg.net\/?page_id=170#breadcrumb"},"inLanguage":"de","potentialAction":[{"@type":"ReadAction","target":["https:\/\/www.ringsberg.net\/?page_id=170"]}]},{"@type":"BreadcrumbList","@id":"https:\/\/www.ringsberg.net\/?page_id=170#breadcrumb","itemListElement":[{"@type":"ListItem","position":1,"name":"Home","item":"https:\/\/www.ringsberg.net\/"},{"@type":"ListItem","position":2,"name":"Progr. Erneuerbare Energie"}]},{"@type":"WebSite","@id":"https:\/\/www.ringsberg.net\/#website","url":"https:\/\/www.ringsberg.net\/","name":"Ringsberg .net","description":"&quot;..l\u00e4ndlich, lebendig, nett.. &quot;","potentialAction":[{"@type":"SearchAction","target":{"@type":"EntryPoint","urlTemplate":"https:\/\/www.ringsberg.net\/?s={search_term_string}"},"query-input":{"@type":"PropertyValueSpecification","valueRequired":true,"valueName":"search_term_string"}}],"inLanguage":"de"}]}},"_links":{"self":[{"href":"https:\/\/www.ringsberg.net\/index.php?rest_route=\/wp\/v2\/pages\/170","targetHints":{"allow":["GET"]}}],"collection":[{"href":"https:\/\/www.ringsberg.net\/index.php?rest_route=\/wp\/v2\/pages"}],"about":[{"href":"https:\/\/www.ringsberg.net\/index.php?rest_route=\/wp\/v2\/types\/page"}],"author":[{"embeddable":true,"href":"https:\/\/www.ringsberg.net\/index.php?rest_route=\/wp\/v2\/users\/1"}],"replies":[{"embeddable":true,"href":"https:\/\/www.ringsberg.net\/index.php?rest_route=%2Fwp%2Fv2%2Fcomments&post=170"}],"version-history":[{"count":27,"href":"https:\/\/www.ringsberg.net\/index.php?rest_route=\/wp\/v2\/pages\/170\/revisions"}],"predecessor-version":[{"id":596,"href":"https:\/\/www.ringsberg.net\/index.php?rest_route=\/wp\/v2\/pages\/170\/revisions\/596"}],"wp:attachment":[{"href":"https:\/\/www.ringsberg.net\/index.php?rest_route=%2Fwp%2Fv2%2Fmedia&parent=170"}],"curies":[{"name":"wp","href":"https:\/\/api.w.org\/{rel}","templated":true}]}}