{"id":24,"date":"2010-12-25T17:33:26","date_gmt":"2010-12-25T16:33:26","guid":{"rendered":"http:\/\/www.meinet.de\/wpRingsberg\/?page_id=24"},"modified":"2015-12-04T14:04:17","modified_gmt":"2015-12-04T13:04:17","slug":"freiwillige-feuerwehr","status":"publish","type":"page","link":"https:\/\/www.ringsberg.net\/?page_id=24","title":{"rendered":"Freiwillige Feuerwehr"},"content":{"rendered":"<p>Die Freiwillige Feuerwehr Ringsberg kann auf die stolze Zahl von 28 aktiven Kameraden zur\u00fcckgreifen. In diesem Jahr konnte ein Anw\u00e4rter begr\u00fc\u00dft werden, der sich zum Nutzen der Allgemeinheit dazu bereit erkl\u00e4rt hat, die heute schon aufwendige Ausbildung zu durchlaufen. Herzlich willkommen!<\/p>\n<p>Die 11 Ehrenmitglieder, die aufgrund ihres Alters nicht mehr im &#8222;aktiven Dienst&#8220; sein d\u00fcrfen, sind sehr gerne auf unseren \u00dcbungsabenden gesehen. Eure Hinweise und Tips, auch eure Kameradschaft ist uns viel wert. 61 f\u00f6rdernde Mitglieder komplettieren unsere Kameradschaft und legen auch den Grundstein f\u00fcr ein finanzielles Polster.<\/p>\n<p>Ende September 2006 stellte sich die Freiwillige Feuerwehr Ringsberg der Leistungsbewertung &#8222;Roter Hahn&#8220;. Die Wehr bestand diesen Test mit Bravour. Auf der Jahreshauptversammlung 2008 stimmte eine gro\u00dfe Mehrheit daf\u00fcr, sich in diesem Jahr der 2. Stufe zu stellen. Hierzu mussten von Seiten der Wehrf\u00fchrung drei Objekte ausgesucht werden, die der Pr\u00fcfungskommission am Abnahmetag 25.09. zur Auswahl vorgeschlagen wurden. Die Leistungspr\u00fcfung begann mit dem Antreten der Kameraden in \u201eErster Geige\u201c, Schuhe geputzt und Krawatte ordentlich umgelegt. Nach dem Umziehen in Einsatzbekleidung f\u00fchrten einige Kameraden die typischen Feuerwehrknoten vor, unter anderem den \u201eFinalen Rettungsknoten\u201c und unser Sicherheitsbeauftragter Joachim Heit belehrte die Kameraden \u00fcber die allgemeinen Sicherheitshinweise im Feuerwehrdienst. Zwischenzeitlich hatte sich die Kommission auf ein Objekt festgelegt: Entstehungsbrand im Garagengeb\u00e4ude bei Bernt Hansen mit vermutlich einer verungl\u00fcckten Person. Nach der Befehlsgebung wurden sofort die Atemschutztrupps zur Rettung der Person eingesetzt, die Wasserversorgung parallel aufgebaut und der neue Feuerwehranh\u00e4nger zum Einsatz gebracht. Beeindruckt war die Kommission vom in Eigenleistung gebauten Anh\u00e4nger, vom Zusammenspiel der rettenden Atemsch\u00fctzer mit den \u00fcbernehmenden Kameraden und der reibungslosen Meldekette. Auch fand von Seiten der Kommission der Zustand des Feuerwehrhauses hohe Anerkennung. So konnte das Ergebnis nur hei\u00dfen: mit Bravour bestanden und Wehrf\u00fchrer Rudi Freier nahm Urkunde und den zweiten Stern mit Stolz entgegen! Aber welch ein Wunder: Die Ringsberger Kameraden \u00fcben schon seit \u00fcber 120 Jahren!<\/p>\n<p>Noch ein Wort zur Feuerwehr:<br \/>\nFreiwillige aus der Gemeinde stellen sich zur Verf\u00fcgung, um anderen in der Not, sei es Brand, Unfall oder ein anderes Schadensereignis, auch unter Einsatz der eigenen Gesundheit, zu helfen. Dies begrenzt sich nicht auf das Gemeindegebiet, sondern schlie\u00dft den gesamten Amtsbereich Langballig, jede Wehr mit seinen speziellen M\u00f6glichkeiten, mit ein. Dar\u00fcber hinaus dient die Feuerwehr in unserer Gemeinde als eine Art Ger\u00fcst im b\u00fcrgerlichen Gemeinwesen. Vieles geht einfach nicht ohne die Kameraden und vieles geht automatisch wegen den Kameraden!<\/p>\n<p>Treten auch Sie der Freiwilligen Feuerwehr Ringsberg bei! Wenn es Ihre Zeit nicht erlaubt, dann vielleicht als F\u00f6rderndes Mitglied?<\/p>\n<p><strong>Dokumente<\/strong><br \/>\nBestimmungen\/Richtlinien f\u00fcr die private Nutzung der R\u00e4umlichkeiten des Feuerwehrger\u00e4tehauses Ringsberg<br \/>\n<a href=\"https:\/\/www.ringsberg.net\/wp-content\/uploads\/2015\/12\/Nutzungsbestimmungen_Feuerwehrhaus.pdf\">Bestimmungen\/Richtlinien f\u00fcr die private Nutzung<\/a><\/p>\n<p>Benutzungs-\/ Hausordnung f\u00fcr das Feuerwehr- und B\u00fcrgerhaus der Gemeinde Ringsberg<br \/>\n<a href=\"https:\/\/www.ringsberg.net\/wp-content\/uploads\/2015\/12\/Benutzungsordnung.pdf\">Benutzungs-\/ Hausordnung<\/a><\/p>\n<p>Kameraden sind auch Freunde!<br \/>\n<a href=\"https:\/\/www.ringsberg.net\/wp-content\/uploads\/2012\/12\/ffw.jpg\"><img loading=\"lazy\" decoding=\"async\" class=\"alignleft size-medium wp-image-329\" title=\"ffw\" src=\"https:\/\/www.ringsberg.net\/wp-content\/uploads\/2012\/12\/ffw-300x225.jpg\" alt=\"\" width=\"300\" height=\"225\" srcset=\"https:\/\/www.ringsberg.net\/wp-content\/uploads\/2012\/12\/ffw-300x225.jpg 300w, https:\/\/www.ringsberg.net\/wp-content\/uploads\/2012\/12\/ffw.jpg 393w\" sizes=\"auto, (max-width: 300px) 100vw, 300px\" \/><\/a><\/p>\n","protected":false},"excerpt":{"rendered":"<p>Die Freiwillige Feuerwehr Ringsberg kann auf die stolze Zahl von 28 aktiven Kameraden zur\u00fcckgreifen. In diesem Jahr konnte ein Anw\u00e4rter begr\u00fc\u00dft werden, der sich zum Nutzen der Allgemeinheit dazu bereit erkl\u00e4rt hat, die heute schon aufwendige Ausbildung zu durchlaufen. Herzlich willkommen! Die 11 Ehrenmitglieder, die aufgrund ihres Alters nicht mehr im &#8222;aktiven Dienst&#8220; sein d\u00fcrfen, &hellip; <\/p>\n<p class=\"link-more\"><a href=\"https:\/\/www.ringsberg.net\/?page_id=24\" class=\"more-link\"><span class=\"screen-reader-text\">\u201eFreiwillige Feuerwehr\u201c <\/span>weiterlesen<\/a><\/p>\n","protected":false},"author":1,"featured_media":0,"parent":0,"menu_order":4,"comment_status":"closed","ping_status":"open","template":"","meta":{"footnotes":""},"class_list":["post-24","page","type-page","status-publish","hentry"],"yoast_head":"<!-- This site is optimized with the Yoast SEO plugin v27.4 - https:\/\/yoast.com\/product\/yoast-seo-wordpress\/ -->\n<title>Freiwillige Feuerwehr - Ringsberg .net<\/title>\n<meta name=\"robots\" content=\"index, follow, max-snippet:-1, max-image-preview:large, max-video-preview:-1\" \/>\n<link rel=\"canonical\" href=\"https:\/\/www.ringsberg.net\/?page_id=24\" \/>\n<meta property=\"og:locale\" content=\"de_DE\" \/>\n<meta property=\"og:type\" content=\"article\" \/>\n<meta property=\"og:title\" content=\"Freiwillige Feuerwehr - Ringsberg .net\" \/>\n<meta property=\"og:description\" content=\"Die Freiwillige Feuerwehr Ringsberg kann auf die stolze Zahl von 28 aktiven Kameraden zur\u00fcckgreifen. In diesem Jahr konnte ein Anw\u00e4rter begr\u00fc\u00dft werden, der sich zum Nutzen der Allgemeinheit dazu bereit erkl\u00e4rt hat, die heute schon aufwendige Ausbildung zu durchlaufen. Herzlich willkommen! Die 11 Ehrenmitglieder, die aufgrund ihres Alters nicht mehr im &#8222;aktiven Dienst&#8220; sein d\u00fcrfen, &hellip; \u201eFreiwillige Feuerwehr\u201c weiterlesen\" \/>\n<meta property=\"og:url\" content=\"https:\/\/www.ringsberg.net\/?page_id=24\" \/>\n<meta property=\"og:site_name\" content=\"Ringsberg .net\" \/>\n<meta property=\"article:publisher\" content=\"https:\/\/www.facebook.com\/pages\/Ringsberg\/213485405355388\" \/>\n<meta property=\"article:modified_time\" content=\"2015-12-04T13:04:17+00:00\" \/>\n<meta property=\"og:image\" content=\"http:\/\/www.ringsberg.net\/wp-content\/uploads\/2012\/12\/ffw-300x225.jpg\" \/>\n<meta name=\"twitter:label1\" content=\"Gesch\u00e4tzte Lesezeit\" \/>\n\t<meta name=\"twitter:data1\" content=\"2\u00a0Minuten\" \/>\n<script type=\"application\/ld+json\" class=\"yoast-schema-graph\">{\"@context\":\"https:\\\/\\\/schema.org\",\"@graph\":[{\"@type\":\"WebPage\",\"@id\":\"https:\\\/\\\/www.ringsberg.net\\\/?page_id=24\",\"url\":\"https:\\\/\\\/www.ringsberg.net\\\/?page_id=24\",\"name\":\"Freiwillige Feuerwehr - Ringsberg .net\",\"isPartOf\":{\"@id\":\"https:\\\/\\\/www.ringsberg.net\\\/#website\"},\"primaryImageOfPage\":{\"@id\":\"https:\\\/\\\/www.ringsberg.net\\\/?page_id=24#primaryimage\"},\"image\":{\"@id\":\"https:\\\/\\\/www.ringsberg.net\\\/?page_id=24#primaryimage\"},\"thumbnailUrl\":\"http:\\\/\\\/www.ringsberg.net\\\/wp-content\\\/uploads\\\/2012\\\/12\\\/ffw-300x225.jpg\",\"datePublished\":\"2010-12-25T16:33:26+00:00\",\"dateModified\":\"2015-12-04T13:04:17+00:00\",\"breadcrumb\":{\"@id\":\"https:\\\/\\\/www.ringsberg.net\\\/?page_id=24#breadcrumb\"},\"inLanguage\":\"de\",\"potentialAction\":[{\"@type\":\"ReadAction\",\"target\":[\"https:\\\/\\\/www.ringsberg.net\\\/?page_id=24\"]}]},{\"@type\":\"ImageObject\",\"inLanguage\":\"de\",\"@id\":\"https:\\\/\\\/www.ringsberg.net\\\/?page_id=24#primaryimage\",\"url\":\"http:\\\/\\\/www.ringsberg.net\\\/wp-content\\\/uploads\\\/2012\\\/12\\\/ffw-300x225.jpg\",\"contentUrl\":\"http:\\\/\\\/www.ringsberg.net\\\/wp-content\\\/uploads\\\/2012\\\/12\\\/ffw-300x225.jpg\"},{\"@type\":\"BreadcrumbList\",\"@id\":\"https:\\\/\\\/www.ringsberg.net\\\/?page_id=24#breadcrumb\",\"itemListElement\":[{\"@type\":\"ListItem\",\"position\":1,\"name\":\"Home\",\"item\":\"https:\\\/\\\/www.ringsberg.net\\\/\"},{\"@type\":\"ListItem\",\"position\":2,\"name\":\"Freiwillige Feuerwehr\"}]},{\"@type\":\"WebSite\",\"@id\":\"https:\\\/\\\/www.ringsberg.net\\\/#website\",\"url\":\"https:\\\/\\\/www.ringsberg.net\\\/\",\"name\":\"Ringsberg .net\",\"description\":\"&quot;..l\u00e4ndlich, lebendig, nett.. &quot;\",\"potentialAction\":[{\"@type\":\"SearchAction\",\"target\":{\"@type\":\"EntryPoint\",\"urlTemplate\":\"https:\\\/\\\/www.ringsberg.net\\\/?s={search_term_string}\"},\"query-input\":{\"@type\":\"PropertyValueSpecification\",\"valueRequired\":true,\"valueName\":\"search_term_string\"}}],\"inLanguage\":\"de\"}]}<\/script>\n<!-- \/ Yoast SEO plugin. -->","yoast_head_json":{"title":"Freiwillige Feuerwehr - Ringsberg .net","robots":{"index":"index","follow":"follow","max-snippet":"max-snippet:-1","max-image-preview":"max-image-preview:large","max-video-preview":"max-video-preview:-1"},"canonical":"https:\/\/www.ringsberg.net\/?page_id=24","og_locale":"de_DE","og_type":"article","og_title":"Freiwillige Feuerwehr - Ringsberg .net","og_description":"Die Freiwillige Feuerwehr Ringsberg kann auf die stolze Zahl von 28 aktiven Kameraden zur\u00fcckgreifen. In diesem Jahr konnte ein Anw\u00e4rter begr\u00fc\u00dft werden, der sich zum Nutzen der Allgemeinheit dazu bereit erkl\u00e4rt hat, die heute schon aufwendige Ausbildung zu durchlaufen. Herzlich willkommen! Die 11 Ehrenmitglieder, die aufgrund ihres Alters nicht mehr im &#8222;aktiven Dienst&#8220; sein d\u00fcrfen, &hellip; \u201eFreiwillige Feuerwehr\u201c weiterlesen","og_url":"https:\/\/www.ringsberg.net\/?page_id=24","og_site_name":"Ringsberg .net","article_publisher":"https:\/\/www.facebook.com\/pages\/Ringsberg\/213485405355388","article_modified_time":"2015-12-04T13:04:17+00:00","og_image":[{"url":"http:\/\/www.ringsberg.net\/wp-content\/uploads\/2012\/12\/ffw-300x225.jpg","type":"","width":"","height":""}],"twitter_misc":{"Gesch\u00e4tzte Lesezeit":"2\u00a0Minuten"},"schema":{"@context":"https:\/\/schema.org","@graph":[{"@type":"WebPage","@id":"https:\/\/www.ringsberg.net\/?page_id=24","url":"https:\/\/www.ringsberg.net\/?page_id=24","name":"Freiwillige Feuerwehr - Ringsberg .net","isPartOf":{"@id":"https:\/\/www.ringsberg.net\/#website"},"primaryImageOfPage":{"@id":"https:\/\/www.ringsberg.net\/?page_id=24#primaryimage"},"image":{"@id":"https:\/\/www.ringsberg.net\/?page_id=24#primaryimage"},"thumbnailUrl":"http:\/\/www.ringsberg.net\/wp-content\/uploads\/2012\/12\/ffw-300x225.jpg","datePublished":"2010-12-25T16:33:26+00:00","dateModified":"2015-12-04T13:04:17+00:00","breadcrumb":{"@id":"https:\/\/www.ringsberg.net\/?page_id=24#breadcrumb"},"inLanguage":"de","potentialAction":[{"@type":"ReadAction","target":["https:\/\/www.ringsberg.net\/?page_id=24"]}]},{"@type":"ImageObject","inLanguage":"de","@id":"https:\/\/www.ringsberg.net\/?page_id=24#primaryimage","url":"http:\/\/www.ringsberg.net\/wp-content\/uploads\/2012\/12\/ffw-300x225.jpg","contentUrl":"http:\/\/www.ringsberg.net\/wp-content\/uploads\/2012\/12\/ffw-300x225.jpg"},{"@type":"BreadcrumbList","@id":"https:\/\/www.ringsberg.net\/?page_id=24#breadcrumb","itemListElement":[{"@type":"ListItem","position":1,"name":"Home","item":"https:\/\/www.ringsberg.net\/"},{"@type":"ListItem","position":2,"name":"Freiwillige Feuerwehr"}]},{"@type":"WebSite","@id":"https:\/\/www.ringsberg.net\/#website","url":"https:\/\/www.ringsberg.net\/","name":"Ringsberg .net","description":"&quot;..l\u00e4ndlich, lebendig, nett.. &quot;","potentialAction":[{"@type":"SearchAction","target":{"@type":"EntryPoint","urlTemplate":"https:\/\/www.ringsberg.net\/?s={search_term_string}"},"query-input":{"@type":"PropertyValueSpecification","valueRequired":true,"valueName":"search_term_string"}}],"inLanguage":"de"}]}},"_links":{"self":[{"href":"https:\/\/www.ringsberg.net\/index.php?rest_route=\/wp\/v2\/pages\/24","targetHints":{"allow":["GET"]}}],"collection":[{"href":"https:\/\/www.ringsberg.net\/index.php?rest_route=\/wp\/v2\/pages"}],"about":[{"href":"https:\/\/www.ringsberg.net\/index.php?rest_route=\/wp\/v2\/types\/page"}],"author":[{"embeddable":true,"href":"https:\/\/www.ringsberg.net\/index.php?rest_route=\/wp\/v2\/users\/1"}],"replies":[{"embeddable":true,"href":"https:\/\/www.ringsberg.net\/index.php?rest_route=%2Fwp%2Fv2%2Fcomments&post=24"}],"version-history":[{"count":12,"href":"https:\/\/www.ringsberg.net\/index.php?rest_route=\/wp\/v2\/pages\/24\/revisions"}],"predecessor-version":[{"id":580,"href":"https:\/\/www.ringsberg.net\/index.php?rest_route=\/wp\/v2\/pages\/24\/revisions\/580"}],"wp:attachment":[{"href":"https:\/\/www.ringsberg.net\/index.php?rest_route=%2Fwp%2Fv2%2Fmedia&parent=24"}],"curies":[{"name":"wp","href":"https:\/\/api.w.org\/{rel}","templated":true}]}}